{"id":1859,"date":"2023-09-16T08:56:08","date_gmt":"2023-09-16T06:56:08","guid":{"rendered":"http:\/\/patisserie-clementine.fr\/?page_id=1859"},"modified":"2025-09-26T10:40:11","modified_gmt":"2025-09-26T08:40:11","slug":"papi-jean","status":"publish","type":"page","link":"https:\/\/patisserie-clementine.fr\/index.php\/produits-individuels\/papi-jean\/","title":{"rendered":"Papi jean"},"content":{"rendered":"\t\t<div data-elementor-type=\"wp-page\" data-elementor-id=\"1859\" class=\"elementor elementor-1859\">\n\t\t\t\t\t\t<section class=\"elementor-section elementor-top-section elementor-element elementor-element-3bb2135 elementor-section-boxed elementor-section-height-default elementor-section-height-default\" data-id=\"3bb2135\" data-element_type=\"section\" data-e-type=\"section\">\n\t\t\t\t\t\t<div class=\"elementor-container elementor-column-gap-default\">\n\t\t\t\t\t<div class=\"elementor-column elementor-col-100 elementor-top-column elementor-element elementor-element-d2cfc23\" data-id=\"d2cfc23\" data-element_type=\"column\" data-e-type=\"column\">\n\t\t\t<div class=\"elementor-widget-wrap elementor-element-populated\">\n\t\t\t\t\t\t<div class=\"elementor-element elementor-element-b434032 elementor-widget elementor-widget-spacer\" data-id=\"b434032\" data-element_type=\"widget\" data-e-type=\"widget\" data-widget_type=\"spacer.default\">\n\t\t\t\t<div class=\"elementor-widget-container\">\n\t\t\t\t\t\t\t<div class=\"elementor-spacer\">\n\t\t\t<div class=\"elementor-spacer-inner\"><\/div>\n\t\t<\/div>\n\t\t\t\t\t\t<\/div>\n\t\t\t\t<\/div>\n\t\t\t\t\t<\/div>\n\t\t<\/div>\n\t\t\t\t\t<\/div>\n\t\t<\/section>\n\t\t\t\t<section class=\"elementor-section elementor-top-section elementor-element elementor-element-766c4501 elementor-section-height-min-height elementor-section-boxed elementor-section-height-default elementor-section-items-middle\" data-id=\"766c4501\" data-element_type=\"section\" data-e-type=\"section\" data-settings=\"{&quot;background_background&quot;:&quot;classic&quot;}\">\n\t\t\t\t\t\t\t<div class=\"elementor-background-overlay\"><\/div>\n\t\t\t\t\t\t\t<div class=\"elementor-container elementor-column-gap-default\">\n\t\t\t\t\t<div class=\"elementor-column elementor-col-100 elementor-top-column elementor-element elementor-element-6bccde67\" data-id=\"6bccde67\" data-element_type=\"column\" data-e-type=\"column\">\n\t\t\t<div class=\"elementor-widget-wrap elementor-element-populated\">\n\t\t\t\t\t\t<div class=\"elementor-element elementor-element-390c7cca elementor-widget elementor-widget-heading\" data-id=\"390c7cca\" data-element_type=\"widget\" data-e-type=\"widget\" data-widget_type=\"heading.default\">\n\t\t\t\t<div class=\"elementor-widget-container\">\n\t\t\t\t\t<h1 class=\"elementor-heading-title elementor-size-default\">Nos INDIVIDUELS<\/h1>\t\t\t\t<\/div>\n\t\t\t\t<\/div>\n\t\t\t\t\t<\/div>\n\t\t<\/div>\n\t\t\t\t\t<\/div>\n\t\t<\/section>\n\t\t\t\t<section class=\"elementor-section elementor-top-section elementor-element elementor-element-7793ec7 elementor-section-boxed elementor-section-height-default elementor-section-height-default\" data-id=\"7793ec7\" data-element_type=\"section\" data-e-type=\"section\">\n\t\t\t\t\t\t<div class=\"elementor-container elementor-column-gap-default\">\n\t\t\t\t\t<div class=\"elementor-column elementor-col-100 elementor-top-column elementor-element elementor-element-0902c6f\" data-id=\"0902c6f\" data-element_type=\"column\" data-e-type=\"column\">\n\t\t\t<div class=\"elementor-widget-wrap elementor-element-populated\">\n\t\t\t\t\t\t<div class=\"elementor-element elementor-element-1493472 elementor-widget elementor-widget-spacer\" data-id=\"1493472\" data-element_type=\"widget\" data-e-type=\"widget\" data-widget_type=\"spacer.default\">\n\t\t\t\t<div class=\"elementor-widget-container\">\n\t\t\t\t\t\t\t<div class=\"elementor-spacer\">\n\t\t\t<div class=\"elementor-spacer-inner\"><\/div>\n\t\t<\/div>\n\t\t\t\t\t\t<\/div>\n\t\t\t\t<\/div>\n\t\t\t\t\t<\/div>\n\t\t<\/div>\n\t\t\t\t\t<\/div>\n\t\t<\/section>\n\t\t\t\t<section class=\"elementor-section elementor-top-section elementor-element elementor-element-651d5a7 elementor-section-boxed elementor-section-height-default elementor-section-height-default\" data-id=\"651d5a7\" data-element_type=\"section\" data-e-type=\"section\">\n\t\t\t\t\t\t<div class=\"elementor-container elementor-column-gap-default\">\n\t\t\t\t\t<div class=\"elementor-column elementor-col-33 elementor-top-column elementor-element elementor-element-22f0700\" data-id=\"22f0700\" data-element_type=\"column\" data-e-type=\"column\">\n\t\t\t<div class=\"elementor-widget-wrap elementor-element-populated\">\n\t\t\t\t\t\t<div class=\"elementor-element elementor-element-5895c844 elementor-widget elementor-widget-image\" data-id=\"5895c844\" data-element_type=\"widget\" data-e-type=\"widget\" data-widget_type=\"image.default\">\n\t\t\t\t<div class=\"elementor-widget-container\">\n\t\t\t\t\t\t\t\t\t\t\t\t\t\t\t\t<a href=\"http:\/\/patisserie-clementine.fr\/wp-content\/uploads\/2023\/09\/382257595_1251569598838185_6938561970776287349_n.jpg\" data-elementor-open-lightbox=\"yes\" data-elementor-lightbox-title=\"382257595_1251569598838185_6938561970776287349_n\" data-e-action-hash=\"#elementor-action%3Aaction%3Dlightbox%26settings%3DeyJpZCI6MjIzMCwidXJsIjoiaHR0cHM6XC9cL3BhdGlzc2VyaWUtY2xlbWVudGluZS5mclwvd3AtY29udGVudFwvdXBsb2Fkc1wvMjAyM1wvMDlcLzM4MjI1NzU5NV8xMjUxNTY5NTk4ODM4MTg1XzY5Mzg1NjE5NzA3NzYyODczNDlfbi5qcGcifQ%3D%3D\">\n\t\t\t\t\t\t\t<img fetchpriority=\"high\" decoding=\"async\" width=\"1024\" height=\"1024\" src=\"https:\/\/patisserie-clementine.fr\/wp-content\/uploads\/2023\/09\/382257595_1251569598838185_6938561970776287349_n-1024x1024.jpg\" class=\"attachment-large size-large wp-image-2230\" alt=\"\" srcset=\"https:\/\/patisserie-clementine.fr\/wp-content\/uploads\/2023\/09\/382257595_1251569598838185_6938561970776287349_n-1024x1024.jpg 1024w, https:\/\/patisserie-clementine.fr\/wp-content\/uploads\/2023\/09\/382257595_1251569598838185_6938561970776287349_n-300x300.jpg 300w, https:\/\/patisserie-clementine.fr\/wp-content\/uploads\/2023\/09\/382257595_1251569598838185_6938561970776287349_n-150x150.jpg 150w, https:\/\/patisserie-clementine.fr\/wp-content\/uploads\/2023\/09\/382257595_1251569598838185_6938561970776287349_n-768x768.jpg 768w, https:\/\/patisserie-clementine.fr\/wp-content\/uploads\/2023\/09\/382257595_1251569598838185_6938561970776287349_n-1536x1536.jpg 1536w, https:\/\/patisserie-clementine.fr\/wp-content\/uploads\/2023\/09\/382257595_1251569598838185_6938561970776287349_n.jpg 2048w\" sizes=\"(max-width: 1024px) 100vw, 1024px\" \/>\t\t\t\t\t\t\t\t<\/a>\n\t\t\t\t\t\t\t\t\t\t\t\t\t\t\t<\/div>\n\t\t\t\t<\/div>\n\t\t\t\t<section class=\"elementor-section elementor-inner-section elementor-element elementor-element-5203da73 elementor-section-boxed elementor-section-height-default elementor-section-height-default\" data-id=\"5203da73\" data-element_type=\"section\" data-e-type=\"section\">\n\t\t\t\t\t\t<div class=\"elementor-container elementor-column-gap-default\">\n\t\t\t\t\t<div class=\"elementor-column elementor-col-50 elementor-inner-column elementor-element elementor-element-639875a9\" data-id=\"639875a9\" data-element_type=\"column\" data-e-type=\"column\">\n\t\t\t<div class=\"elementor-widget-wrap elementor-element-populated\">\n\t\t\t\t\t\t<div class=\"elementor-element elementor-element-33d4a5bc elementor-widget elementor-widget-image\" data-id=\"33d4a5bc\" data-element_type=\"widget\" data-e-type=\"widget\" data-widget_type=\"image.default\">\n\t\t\t\t<div class=\"elementor-widget-container\">\n\t\t\t\t\t\t\t\t\t\t\t\t\t\t\t\t<a href=\"http:\/\/patisserie-clementine.fr\/wp-content\/uploads\/2023\/09\/384404457_852559586256659_5707438082144848941_n.jpg\" data-elementor-open-lightbox=\"yes\" data-elementor-lightbox-title=\"384404457_852559586256659_5707438082144848941_n\" data-e-action-hash=\"#elementor-action%3Aaction%3Dlightbox%26settings%3DeyJpZCI6MjI0MCwidXJsIjoiaHR0cHM6XC9cL3BhdGlzc2VyaWUtY2xlbWVudGluZS5mclwvd3AtY29udGVudFwvdXBsb2Fkc1wvMjAyM1wvMDlcLzM4NDQwNDQ1N184NTI1NTk1ODYyNTY2NTlfNTcwNzQzODA4MjE0NDg0ODk0MV9uLmpwZyJ9\">\n\t\t\t\t\t\t\t<img decoding=\"async\" width=\"1024\" height=\"1024\" src=\"https:\/\/patisserie-clementine.fr\/wp-content\/uploads\/2023\/09\/384404457_852559586256659_5707438082144848941_n-1024x1024.jpg\" class=\"attachment-large size-large wp-image-2240\" alt=\"\" srcset=\"https:\/\/patisserie-clementine.fr\/wp-content\/uploads\/2023\/09\/384404457_852559586256659_5707438082144848941_n-1024x1024.jpg 1024w, https:\/\/patisserie-clementine.fr\/wp-content\/uploads\/2023\/09\/384404457_852559586256659_5707438082144848941_n-300x300.jpg 300w, https:\/\/patisserie-clementine.fr\/wp-content\/uploads\/2023\/09\/384404457_852559586256659_5707438082144848941_n-150x150.jpg 150w, https:\/\/patisserie-clementine.fr\/wp-content\/uploads\/2023\/09\/384404457_852559586256659_5707438082144848941_n-768x768.jpg 768w, https:\/\/patisserie-clementine.fr\/wp-content\/uploads\/2023\/09\/384404457_852559586256659_5707438082144848941_n-1536x1536.jpg 1536w, https:\/\/patisserie-clementine.fr\/wp-content\/uploads\/2023\/09\/384404457_852559586256659_5707438082144848941_n.jpg 2048w\" sizes=\"(max-width: 1024px) 100vw, 1024px\" \/>\t\t\t\t\t\t\t\t<\/a>\n\t\t\t\t\t\t\t\t\t\t\t\t\t\t\t<\/div>\n\t\t\t\t<\/div>\n\t\t\t\t\t<\/div>\n\t\t<\/div>\n\t\t\t\t<div class=\"elementor-column elementor-col-50 elementor-inner-column elementor-element elementor-element-467c3ce9\" data-id=\"467c3ce9\" data-element_type=\"column\" data-e-type=\"column\">\n\t\t\t<div class=\"elementor-widget-wrap elementor-element-populated\">\n\t\t\t\t\t\t<div class=\"elementor-element elementor-element-4d50fa93 elementor-widget elementor-widget-image\" data-id=\"4d50fa93\" data-element_type=\"widget\" data-e-type=\"widget\" data-widget_type=\"image.default\">\n\t\t\t\t<div class=\"elementor-widget-container\">\n\t\t\t\t\t\t\t\t\t\t\t\t\t\t\t\t<a href=\"http:\/\/patisserie-clementine.fr\/wp-content\/uploads\/2023\/09\/381756330_691647109689454_2022925503107065501_n.jpg\" data-elementor-open-lightbox=\"yes\" data-elementor-lightbox-title=\"381756330_691647109689454_2022925503107065501_n\" data-e-action-hash=\"#elementor-action%3Aaction%3Dlightbox%26settings%3DeyJpZCI6MjIyNSwidXJsIjoiaHR0cHM6XC9cL3BhdGlzc2VyaWUtY2xlbWVudGluZS5mclwvd3AtY29udGVudFwvdXBsb2Fkc1wvMjAyM1wvMDlcLzM4MTc1NjMzMF82OTE2NDcxMDk2ODk0NTRfMjAyMjkyNTUwMzEwNzA2NTUwMV9uLmpwZyJ9\">\n\t\t\t\t\t\t\t<img decoding=\"async\" width=\"1024\" height=\"1024\" src=\"https:\/\/patisserie-clementine.fr\/wp-content\/uploads\/2023\/09\/381756330_691647109689454_2022925503107065501_n-1024x1024.jpg\" class=\"attachment-large size-large wp-image-2225\" alt=\"\" srcset=\"https:\/\/patisserie-clementine.fr\/wp-content\/uploads\/2023\/09\/381756330_691647109689454_2022925503107065501_n-1024x1024.jpg 1024w, https:\/\/patisserie-clementine.fr\/wp-content\/uploads\/2023\/09\/381756330_691647109689454_2022925503107065501_n-300x300.jpg 300w, https:\/\/patisserie-clementine.fr\/wp-content\/uploads\/2023\/09\/381756330_691647109689454_2022925503107065501_n-150x150.jpg 150w, https:\/\/patisserie-clementine.fr\/wp-content\/uploads\/2023\/09\/381756330_691647109689454_2022925503107065501_n-768x768.jpg 768w, https:\/\/patisserie-clementine.fr\/wp-content\/uploads\/2023\/09\/381756330_691647109689454_2022925503107065501_n-1536x1536.jpg 1536w, https:\/\/patisserie-clementine.fr\/wp-content\/uploads\/2023\/09\/381756330_691647109689454_2022925503107065501_n.jpg 2048w\" sizes=\"(max-width: 1024px) 100vw, 1024px\" \/>\t\t\t\t\t\t\t\t<\/a>\n\t\t\t\t\t\t\t\t\t\t\t\t\t\t\t<\/div>\n\t\t\t\t<\/div>\n\t\t\t\t\t<\/div>\n\t\t<\/div>\n\t\t\t\t\t<\/div>\n\t\t<\/section>\n\t\t\t\t\t<\/div>\n\t\t<\/div>\n\t\t\t\t<div class=\"elementor-column elementor-col-33 elementor-top-column elementor-element elementor-element-39b05ec0\" data-id=\"39b05ec0\" data-element_type=\"column\" data-e-type=\"column\">\n\t\t\t<div class=\"elementor-widget-wrap\">\n\t\t\t\t\t\t\t<\/div>\n\t\t<\/div>\n\t\t\t\t<div class=\"elementor-column elementor-col-33 elementor-top-column elementor-element elementor-element-66ac8193\" data-id=\"66ac8193\" data-element_type=\"column\" data-e-type=\"column\">\n\t\t\t<div class=\"elementor-widget-wrap elementor-element-populated\">\n\t\t\t\t\t\t<div class=\"elementor-element elementor-element-27a0b9a2 elementor-widget elementor-widget-spacer\" data-id=\"27a0b9a2\" data-element_type=\"widget\" data-e-type=\"widget\" data-widget_type=\"spacer.default\">\n\t\t\t\t<div class=\"elementor-widget-container\">\n\t\t\t\t\t\t\t<div class=\"elementor-spacer\">\n\t\t\t<div class=\"elementor-spacer-inner\"><\/div>\n\t\t<\/div>\n\t\t\t\t\t\t<\/div>\n\t\t\t\t<\/div>\n\t\t\t\t<div class=\"elementor-element elementor-element-79f57df7 elementor-widget elementor-widget-heading\" data-id=\"79f57df7\" data-element_type=\"widget\" data-e-type=\"widget\" data-widget_type=\"heading.default\">\n\t\t\t\t<div class=\"elementor-widget-container\">\n\t\t\t\t\t<h2 class=\"elementor-heading-title elementor-size-default\">Papi jean<\/h2>\t\t\t\t<\/div>\n\t\t\t\t<\/div>\n\t\t\t\t<div class=\"elementor-element elementor-element-4d8df7d8 elementor-widget elementor-widget-heading\" data-id=\"4d8df7d8\" data-element_type=\"widget\" data-e-type=\"widget\" data-widget_type=\"heading.default\">\n\t\t\t\t<div class=\"elementor-widget-container\">\n\t\t\t\t\t<h5 class=\"elementor-heading-title elementor-size-default\">4,40\u20ac <\/h5>\t\t\t\t<\/div>\n\t\t\t\t<\/div>\n\t\t\t\t<div class=\"elementor-element elementor-element-2017aa5c elementor-widget-divider--view-line elementor-widget elementor-widget-divider\" data-id=\"2017aa5c\" data-element_type=\"widget\" data-e-type=\"widget\" data-widget_type=\"divider.default\">\n\t\t\t\t<div class=\"elementor-widget-container\">\n\t\t\t\t\t\t\t<div class=\"elementor-divider\">\n\t\t\t<span class=\"elementor-divider-separator\">\n\t\t\t\t\t\t<\/span>\n\t\t<\/div>\n\t\t\t\t\t\t<\/div>\n\t\t\t\t<\/div>\n\t\t\t\t<div class=\"elementor-element elementor-element-4644e0e2 elementor-widget elementor-widget-spacer\" data-id=\"4644e0e2\" data-element_type=\"widget\" data-e-type=\"widget\" data-widget_type=\"spacer.default\">\n\t\t\t\t<div class=\"elementor-widget-container\">\n\t\t\t\t\t\t\t<div class=\"elementor-spacer\">\n\t\t\t<div class=\"elementor-spacer-inner\"><\/div>\n\t\t<\/div>\n\t\t\t\t\t\t<\/div>\n\t\t\t\t<\/div>\n\t\t\t\t<div class=\"elementor-element elementor-element-17433f6b elementor-widget elementor-widget-text-editor\" data-id=\"17433f6b\" data-element_type=\"widget\" data-e-type=\"widget\" data-widget_type=\"text-editor.default\">\n\t\t\t\t<div class=\"elementor-widget-container\">\n\t\t\t\t\t\t\t\t\t<p>P\u00e2te \u00e0 choux<br \/>Cr\u00e8me p\u00e2tissi\u00e8re vanille de Madagascar<br \/>Chantilly vanille<\/p><p><span style=\"font-style: inherit; font-weight: inherit; background-color: var(--ast-global-color-8); color: var(--ast-global-color-3);\">\u00a0<\/span><\/p><p><strong><em>ALLERG\u00c8NES : gluten, lait et \u0153uf.<\/em><\/strong><\/p>\t\t\t\t\t\t\t\t<\/div>\n\t\t\t\t<\/div>\n\t\t\t\t<div class=\"elementor-element elementor-element-3077c494 elementor-widget elementor-widget-spacer\" data-id=\"3077c494\" data-element_type=\"widget\" data-e-type=\"widget\" data-widget_type=\"spacer.default\">\n\t\t\t\t<div class=\"elementor-widget-container\">\n\t\t\t\t\t\t\t<div class=\"elementor-spacer\">\n\t\t\t<div class=\"elementor-spacer-inner\"><\/div>\n\t\t<\/div>\n\t\t\t\t\t\t<\/div>\n\t\t\t\t<\/div>\n\t\t\t\t\t<\/div>\n\t\t<\/div>\n\t\t\t\t\t<\/div>\n\t\t<\/section>\n\t\t\t\t<section class=\"elementor-section elementor-top-section elementor-element elementor-element-522d999 elementor-section-boxed elementor-section-height-default elementor-section-height-default\" data-id=\"522d999\" data-element_type=\"section\" data-e-type=\"section\">\n\t\t\t\t\t\t<div class=\"elementor-container elementor-column-gap-default\">\n\t\t\t\t\t<div class=\"elementor-column elementor-col-100 elementor-top-column elementor-element elementor-element-53a5602\" data-id=\"53a5602\" data-element_type=\"column\" data-e-type=\"column\">\n\t\t\t<div class=\"elementor-widget-wrap elementor-element-populated\">\n\t\t\t\t\t\t<div class=\"elementor-element elementor-element-61e099f elementor-widget elementor-widget-spacer\" data-id=\"61e099f\" data-element_type=\"widget\" data-e-type=\"widget\" data-widget_type=\"spacer.default\">\n\t\t\t\t<div class=\"elementor-widget-container\">\n\t\t\t\t\t\t\t<div class=\"elementor-spacer\">\n\t\t\t<div class=\"elementor-spacer-inner\"><\/div>\n\t\t<\/div>\n\t\t\t\t\t\t<\/div>\n\t\t\t\t<\/div>\n\t\t\t\t\t<\/div>\n\t\t<\/div>\n\t\t\t\t\t<\/div>\n\t\t<\/section>\n\t\t\t\t<section class=\"elementor-section elementor-top-section elementor-element elementor-element-5c7e9aee elementor-section-boxed elementor-section-height-default elementor-section-height-default\" data-id=\"5c7e9aee\" data-element_type=\"section\" data-e-type=\"section\" data-settings=\"{&quot;background_background&quot;:&quot;classic&quot;}\">\n\t\t\t\t\t\t<div class=\"elementor-container elementor-column-gap-default\">\n\t\t\t\t\t<div class=\"elementor-column elementor-col-100 elementor-top-column elementor-element elementor-element-2e580ca0\" data-id=\"2e580ca0\" data-element_type=\"column\" data-e-type=\"column\">\n\t\t\t<div class=\"elementor-widget-wrap elementor-element-populated\">\n\t\t\t\t\t\t<div class=\"elementor-element elementor-element-2e8860cf elementor-widget elementor-widget-heading\" data-id=\"2e8860cf\" data-element_type=\"widget\" data-e-type=\"widget\" data-widget_type=\"heading.default\">\n\t\t\t\t<div class=\"elementor-widget-container\">\n\t\t\t\t\t<h2 class=\"elementor-heading-title elementor-size-default\">Vous souhaitez commander ?<\/h2>\t\t\t\t<\/div>\n\t\t\t\t<\/div>\n\t\t\t\t<div class=\"elementor-element elementor-element-3bd1c2dd elementor-widget elementor-widget-text-editor\" data-id=\"3bd1c2dd\" data-element_type=\"widget\" data-e-type=\"widget\" data-widget_type=\"text-editor.default\">\n\t\t\t\t<div class=\"elementor-widget-container\">\n\t\t\t\t\t\t\t\t\t<p><b>Il vous est possible de commander toutes nos cr\u00e9ations gourmandes !&nbsp;<\/b><\/p>\t\t\t\t\t\t\t\t<\/div>\n\t\t\t\t<\/div>\n\t\t\t\t<div class=\"elementor-element elementor-element-63a08590 elementor-align-center elementor-widget elementor-widget-button\" data-id=\"63a08590\" data-element_type=\"widget\" data-e-type=\"widget\" data-widget_type=\"button.default\">\n\t\t\t\t<div class=\"elementor-widget-container\">\n\t\t\t\t\t\t\t\t\t<div class=\"elementor-button-wrapper\">\n\t\t\t\t\t<a class=\"elementor-button elementor-button-link elementor-size-sm elementor-animation-grow\" href=\"tel:0477538729\">\n\t\t\t\t\t\t<span class=\"elementor-button-content-wrapper\">\n\t\t\t\t\t\t\t\t\t<span class=\"elementor-button-text\">Nous contacter<\/span>\n\t\t\t\t\t<\/span>\n\t\t\t\t\t<\/a>\n\t\t\t\t<\/div>\n\t\t\t\t\t\t\t\t<\/div>\n\t\t\t\t<\/div>\n\t\t\t\t\t<\/div>\n\t\t<\/div>\n\t\t\t\t\t<\/div>\n\t\t<\/section>\n\t\t\t\t<section class=\"elementor-section elementor-top-section elementor-element elementor-element-f6dae17 elementor-section-boxed elementor-section-height-default elementor-section-height-default\" data-id=\"f6dae17\" data-element_type=\"section\" data-e-type=\"section\">\n\t\t\t\t\t\t<div class=\"elementor-container elementor-column-gap-default\">\n\t\t\t\t\t<div class=\"elementor-column elementor-col-100 elementor-top-column elementor-element elementor-element-b4685e4\" data-id=\"b4685e4\" data-element_type=\"column\" data-e-type=\"column\">\n\t\t\t<div class=\"elementor-widget-wrap elementor-element-populated\">\n\t\t\t\t\t\t<div class=\"elementor-element elementor-element-874a767 elementor-widget elementor-widget-spacer\" data-id=\"874a767\" data-element_type=\"widget\" data-e-type=\"widget\" data-widget_type=\"spacer.default\">\n\t\t\t\t<div class=\"elementor-widget-container\">\n\t\t\t\t\t\t\t<div class=\"elementor-spacer\">\n\t\t\t<div class=\"elementor-spacer-inner\"><\/div>\n\t\t<\/div>\n\t\t\t\t\t\t<\/div>\n\t\t\t\t<\/div>\n\t\t\t\t\t<\/div>\n\t\t<\/div>\n\t\t\t\t\t<\/div>\n\t\t<\/section>\n\t\t\t\t<\/div>\n\t\t","protected":false},"excerpt":{"rendered":"<p>Nos INDIVIDUELS Papi jean 4,40\u20ac P\u00e2te \u00e0 chouxCr\u00e8me p\u00e2tissi\u00e8re vanille de MadagascarChantilly vanille \u00a0 ALLERG\u00c8NES : gluten, lait et \u0153uf. Vous souhaitez commander ? Il vous est possible de commander toutes nos cr\u00e9ations gourmandes !&nbsp; Nous contacter<\/p>\n","protected":false},"author":1,"featured_media":0,"parent":1853,"menu_order":0,"comment_status":"closed","ping_status":"closed","template":"","meta":{"site-sidebar-layout":"no-sidebar","site-content-layout":"page-builder","ast-global-header-display":"","ast-banner-title-visibility":"","ast-main-header-display":"","ast-hfb-above-header-display":"","ast-hfb-below-header-display":"","ast-hfb-mobile-header-display":"","site-post-title":"disabled","ast-breadcrumbs-content":"","ast-featured-img":"disabled","footer-sml-layout":"","theme-transparent-header-meta":"","adv-header-id-meta":"","stick-header-meta":"","header-above-stick-meta":"","header-main-stick-meta":"","header-below-stick-meta":"","footnotes":""},"class_list":["post-1859","page","type-page","status-publish","hentry"],"_links":{"self":[{"href":"https:\/\/patisserie-clementine.fr\/index.php\/wp-json\/wp\/v2\/pages\/1859","targetHints":{"allow":["GET"]}}],"collection":[{"href":"https:\/\/patisserie-clementine.fr\/index.php\/wp-json\/wp\/v2\/pages"}],"about":[{"href":"https:\/\/patisserie-clementine.fr\/index.php\/wp-json\/wp\/v2\/types\/page"}],"author":[{"embeddable":true,"href":"https:\/\/patisserie-clementine.fr\/index.php\/wp-json\/wp\/v2\/users\/1"}],"replies":[{"embeddable":true,"href":"https:\/\/patisserie-clementine.fr\/index.php\/wp-json\/wp\/v2\/comments?post=1859"}],"version-history":[{"count":26,"href":"https:\/\/patisserie-clementine.fr\/index.php\/wp-json\/wp\/v2\/pages\/1859\/revisions"}],"predecessor-version":[{"id":4834,"href":"https:\/\/patisserie-clementine.fr\/index.php\/wp-json\/wp\/v2\/pages\/1859\/revisions\/4834"}],"up":[{"embeddable":true,"href":"https:\/\/patisserie-clementine.fr\/index.php\/wp-json\/wp\/v2\/pages\/1853"}],"wp:attachment":[{"href":"https:\/\/patisserie-clementine.fr\/index.php\/wp-json\/wp\/v2\/media?parent=1859"}],"curies":[{"name":"wp","href":"https:\/\/api.w.org\/{rel}","templated":true}]}}