{"id":1909,"date":"2023-09-16T09:20:11","date_gmt":"2023-09-16T07:20:11","guid":{"rendered":"http:\/\/patisserie-clementine.fr\/?page_id=1909"},"modified":"2025-09-26T10:40:40","modified_gmt":"2025-09-26T08:40:40","slug":"azteque","status":"publish","type":"page","link":"https:\/\/patisserie-clementine.fr\/index.php\/produits-individuels\/azteque\/","title":{"rendered":"Azt\u00e8que"},"content":{"rendered":"\t\t<div data-elementor-type=\"wp-page\" data-elementor-id=\"1909\" class=\"elementor elementor-1909\">\n\t\t\t\t\t\t<section class=\"elementor-section elementor-top-section elementor-element elementor-element-6fab2d7 elementor-section-boxed elementor-section-height-default elementor-section-height-default\" data-id=\"6fab2d7\" data-element_type=\"section\" data-e-type=\"section\">\n\t\t\t\t\t\t<div class=\"elementor-container elementor-column-gap-default\">\n\t\t\t\t\t<div class=\"elementor-column elementor-col-100 elementor-top-column elementor-element elementor-element-07180ec\" data-id=\"07180ec\" data-element_type=\"column\" data-e-type=\"column\">\n\t\t\t<div class=\"elementor-widget-wrap elementor-element-populated\">\n\t\t\t\t\t\t<div class=\"elementor-element elementor-element-fd58897 elementor-widget elementor-widget-spacer\" data-id=\"fd58897\" data-element_type=\"widget\" data-e-type=\"widget\" data-widget_type=\"spacer.default\">\n\t\t\t\t<div class=\"elementor-widget-container\">\n\t\t\t\t\t\t\t<div class=\"elementor-spacer\">\n\t\t\t<div class=\"elementor-spacer-inner\"><\/div>\n\t\t<\/div>\n\t\t\t\t\t\t<\/div>\n\t\t\t\t<\/div>\n\t\t\t\t\t<\/div>\n\t\t<\/div>\n\t\t\t\t\t<\/div>\n\t\t<\/section>\n\t\t\t\t<section class=\"elementor-section elementor-top-section elementor-element elementor-element-2240f143 elementor-section-height-min-height elementor-section-boxed elementor-section-height-default elementor-section-items-middle\" data-id=\"2240f143\" data-element_type=\"section\" data-e-type=\"section\" data-settings=\"{&quot;background_background&quot;:&quot;classic&quot;}\">\n\t\t\t\t\t\t\t<div class=\"elementor-background-overlay\"><\/div>\n\t\t\t\t\t\t\t<div class=\"elementor-container elementor-column-gap-default\">\n\t\t\t\t\t<div class=\"elementor-column elementor-col-100 elementor-top-column elementor-element elementor-element-32a94d66\" data-id=\"32a94d66\" data-element_type=\"column\" data-e-type=\"column\">\n\t\t\t<div class=\"elementor-widget-wrap elementor-element-populated\">\n\t\t\t\t\t\t<div class=\"elementor-element elementor-element-3648ae04 elementor-widget elementor-widget-heading\" data-id=\"3648ae04\" data-element_type=\"widget\" data-e-type=\"widget\" data-widget_type=\"heading.default\">\n\t\t\t\t<div class=\"elementor-widget-container\">\n\t\t\t\t\t<h1 class=\"elementor-heading-title elementor-size-default\">Nos individuels<\/h1>\t\t\t\t<\/div>\n\t\t\t\t<\/div>\n\t\t\t\t\t<\/div>\n\t\t<\/div>\n\t\t\t\t\t<\/div>\n\t\t<\/section>\n\t\t\t\t<section class=\"elementor-section elementor-top-section elementor-element elementor-element-380e4cd elementor-section-boxed elementor-section-height-default elementor-section-height-default\" data-id=\"380e4cd\" data-element_type=\"section\" data-e-type=\"section\">\n\t\t\t\t\t\t<div class=\"elementor-container elementor-column-gap-default\">\n\t\t\t\t\t<div class=\"elementor-column elementor-col-100 elementor-top-column elementor-element elementor-element-12361cc\" data-id=\"12361cc\" data-element_type=\"column\" data-e-type=\"column\">\n\t\t\t<div class=\"elementor-widget-wrap elementor-element-populated\">\n\t\t\t\t\t\t<div class=\"elementor-element elementor-element-dc46b7f elementor-widget elementor-widget-spacer\" data-id=\"dc46b7f\" data-element_type=\"widget\" data-e-type=\"widget\" data-widget_type=\"spacer.default\">\n\t\t\t\t<div class=\"elementor-widget-container\">\n\t\t\t\t\t\t\t<div class=\"elementor-spacer\">\n\t\t\t<div class=\"elementor-spacer-inner\"><\/div>\n\t\t<\/div>\n\t\t\t\t\t\t<\/div>\n\t\t\t\t<\/div>\n\t\t\t\t\t<\/div>\n\t\t<\/div>\n\t\t\t\t\t<\/div>\n\t\t<\/section>\n\t\t\t\t<section class=\"elementor-section elementor-top-section elementor-element elementor-element-1a14d5dc elementor-section-boxed elementor-section-height-default elementor-section-height-default\" data-id=\"1a14d5dc\" data-element_type=\"section\" data-e-type=\"section\">\n\t\t\t\t\t\t<div class=\"elementor-container elementor-column-gap-default\">\n\t\t\t\t\t<div class=\"elementor-column elementor-col-33 elementor-top-column elementor-element elementor-element-3efba202\" data-id=\"3efba202\" data-element_type=\"column\" data-e-type=\"column\">\n\t\t\t<div class=\"elementor-widget-wrap elementor-element-populated\">\n\t\t\t\t\t\t<div class=\"elementor-element elementor-element-4e5e1d1b elementor-widget elementor-widget-image\" data-id=\"4e5e1d1b\" data-element_type=\"widget\" data-e-type=\"widget\" data-widget_type=\"image.default\">\n\t\t\t\t<div class=\"elementor-widget-container\">\n\t\t\t\t\t\t\t\t\t\t\t\t\t\t\t\t<a href=\"http:\/\/patisserie-clementine.fr\/wp-content\/uploads\/2023\/09\/Asteque-individuel-Patisserie-Clementine-2.png\" data-elementor-open-lightbox=\"yes\" data-elementor-lightbox-title=\"Aste\u0300que individuel - Patisserie Clementine (2)\" data-e-action-hash=\"#elementor-action%3Aaction%3Dlightbox%26settings%3DeyJpZCI6MTkyMiwidXJsIjoiaHR0cHM6XC9cL3BhdGlzc2VyaWUtY2xlbWVudGluZS5mclwvd3AtY29udGVudFwvdXBsb2Fkc1wvMjAyM1wvMDlcL0FzdGVxdWUtaW5kaXZpZHVlbC1QYXRpc3NlcmllLUNsZW1lbnRpbmUtMi5wbmcifQ%3D%3D\">\n\t\t\t\t\t\t\t<img fetchpriority=\"high\" decoding=\"async\" width=\"1024\" height=\"1024\" src=\"https:\/\/patisserie-clementine.fr\/wp-content\/uploads\/2023\/09\/Asteque-individuel-Patisserie-Clementine-2-1024x1024.png\" class=\"attachment-large size-large wp-image-1922\" alt=\"\" srcset=\"https:\/\/patisserie-clementine.fr\/wp-content\/uploads\/2023\/09\/Asteque-individuel-Patisserie-Clementine-2-1024x1024.png 1024w, https:\/\/patisserie-clementine.fr\/wp-content\/uploads\/2023\/09\/Asteque-individuel-Patisserie-Clementine-2-300x300.png 300w, https:\/\/patisserie-clementine.fr\/wp-content\/uploads\/2023\/09\/Asteque-individuel-Patisserie-Clementine-2-150x150.png 150w, https:\/\/patisserie-clementine.fr\/wp-content\/uploads\/2023\/09\/Asteque-individuel-Patisserie-Clementine-2-768x768.png 768w, https:\/\/patisserie-clementine.fr\/wp-content\/uploads\/2023\/09\/Asteque-individuel-Patisserie-Clementine-2.png 1080w\" sizes=\"(max-width: 1024px) 100vw, 1024px\" \/>\t\t\t\t\t\t\t\t<\/a>\n\t\t\t\t\t\t\t\t\t\t\t\t\t\t\t<\/div>\n\t\t\t\t<\/div>\n\t\t\t\t<section class=\"elementor-section elementor-inner-section elementor-element elementor-element-c93f9f4 elementor-section-boxed elementor-section-height-default elementor-section-height-default\" data-id=\"c93f9f4\" data-element_type=\"section\" data-e-type=\"section\">\n\t\t\t\t\t\t<div class=\"elementor-container elementor-column-gap-default\">\n\t\t\t\t\t<div class=\"elementor-column elementor-col-50 elementor-inner-column elementor-element elementor-element-4175468\" data-id=\"4175468\" data-element_type=\"column\" data-e-type=\"column\">\n\t\t\t<div class=\"elementor-widget-wrap elementor-element-populated\">\n\t\t\t\t\t\t<div class=\"elementor-element elementor-element-26e0ceda elementor-widget elementor-widget-image\" data-id=\"26e0ceda\" data-element_type=\"widget\" data-e-type=\"widget\" data-widget_type=\"image.default\">\n\t\t\t\t<div class=\"elementor-widget-container\">\n\t\t\t\t\t\t\t\t\t\t\t\t\t\t\t\t<a href=\"http:\/\/patisserie-clementine.fr\/wp-content\/uploads\/2023\/09\/Asteque-individuel-Patisserie-Clementine.png\" data-elementor-open-lightbox=\"yes\" data-elementor-lightbox-title=\"Aste\u0300que individuel - Patisserie Clementine\" data-e-action-hash=\"#elementor-action%3Aaction%3Dlightbox%26settings%3DeyJpZCI6MTkyMywidXJsIjoiaHR0cHM6XC9cL3BhdGlzc2VyaWUtY2xlbWVudGluZS5mclwvd3AtY29udGVudFwvdXBsb2Fkc1wvMjAyM1wvMDlcL0FzdGVxdWUtaW5kaXZpZHVlbC1QYXRpc3NlcmllLUNsZW1lbnRpbmUucG5nIn0%3D\">\n\t\t\t\t\t\t\t<img decoding=\"async\" width=\"1024\" height=\"1024\" src=\"https:\/\/patisserie-clementine.fr\/wp-content\/uploads\/2023\/09\/Asteque-individuel-Patisserie-Clementine-1024x1024.png\" class=\"attachment-large size-large wp-image-1923\" alt=\"\" srcset=\"https:\/\/patisserie-clementine.fr\/wp-content\/uploads\/2023\/09\/Asteque-individuel-Patisserie-Clementine-1024x1024.png 1024w, https:\/\/patisserie-clementine.fr\/wp-content\/uploads\/2023\/09\/Asteque-individuel-Patisserie-Clementine-300x300.png 300w, https:\/\/patisserie-clementine.fr\/wp-content\/uploads\/2023\/09\/Asteque-individuel-Patisserie-Clementine-150x150.png 150w, https:\/\/patisserie-clementine.fr\/wp-content\/uploads\/2023\/09\/Asteque-individuel-Patisserie-Clementine-768x768.png 768w, https:\/\/patisserie-clementine.fr\/wp-content\/uploads\/2023\/09\/Asteque-individuel-Patisserie-Clementine.png 1080w\" sizes=\"(max-width: 1024px) 100vw, 1024px\" \/>\t\t\t\t\t\t\t\t<\/a>\n\t\t\t\t\t\t\t\t\t\t\t\t\t\t\t<\/div>\n\t\t\t\t<\/div>\n\t\t\t\t\t<\/div>\n\t\t<\/div>\n\t\t\t\t<div class=\"elementor-column elementor-col-50 elementor-inner-column elementor-element elementor-element-4e196994\" data-id=\"4e196994\" data-element_type=\"column\" data-e-type=\"column\">\n\t\t\t<div class=\"elementor-widget-wrap elementor-element-populated\">\n\t\t\t\t\t\t<div class=\"elementor-element elementor-element-7989a380 elementor-widget elementor-widget-image\" data-id=\"7989a380\" data-element_type=\"widget\" data-e-type=\"widget\" data-widget_type=\"image.default\">\n\t\t\t\t<div class=\"elementor-widget-container\">\n\t\t\t\t\t\t\t\t\t\t\t\t\t\t\t\t<a href=\"http:\/\/patisserie-clementine.fr\/wp-content\/uploads\/2023\/09\/Asteque-individuel-Patisserie-Clementine-3.png\" data-elementor-open-lightbox=\"yes\" data-elementor-lightbox-title=\"Aste\u0300que individuel - Patisserie Clementine (3)\" data-e-action-hash=\"#elementor-action%3Aaction%3Dlightbox%26settings%3DeyJpZCI6MTkyMSwidXJsIjoiaHR0cHM6XC9cL3BhdGlzc2VyaWUtY2xlbWVudGluZS5mclwvd3AtY29udGVudFwvdXBsb2Fkc1wvMjAyM1wvMDlcL0FzdGVxdWUtaW5kaXZpZHVlbC1QYXRpc3NlcmllLUNsZW1lbnRpbmUtMy5wbmcifQ%3D%3D\">\n\t\t\t\t\t\t\t<img decoding=\"async\" width=\"1024\" height=\"1024\" src=\"https:\/\/patisserie-clementine.fr\/wp-content\/uploads\/2023\/09\/Asteque-individuel-Patisserie-Clementine-3-1024x1024.png\" class=\"attachment-large size-large wp-image-1921\" alt=\"\" srcset=\"https:\/\/patisserie-clementine.fr\/wp-content\/uploads\/2023\/09\/Asteque-individuel-Patisserie-Clementine-3-1024x1024.png 1024w, https:\/\/patisserie-clementine.fr\/wp-content\/uploads\/2023\/09\/Asteque-individuel-Patisserie-Clementine-3-300x300.png 300w, https:\/\/patisserie-clementine.fr\/wp-content\/uploads\/2023\/09\/Asteque-individuel-Patisserie-Clementine-3-150x150.png 150w, https:\/\/patisserie-clementine.fr\/wp-content\/uploads\/2023\/09\/Asteque-individuel-Patisserie-Clementine-3-768x768.png 768w, https:\/\/patisserie-clementine.fr\/wp-content\/uploads\/2023\/09\/Asteque-individuel-Patisserie-Clementine-3.png 1080w\" sizes=\"(max-width: 1024px) 100vw, 1024px\" \/>\t\t\t\t\t\t\t\t<\/a>\n\t\t\t\t\t\t\t\t\t\t\t\t\t\t\t<\/div>\n\t\t\t\t<\/div>\n\t\t\t\t\t<\/div>\n\t\t<\/div>\n\t\t\t\t\t<\/div>\n\t\t<\/section>\n\t\t\t\t\t<\/div>\n\t\t<\/div>\n\t\t\t\t<div class=\"elementor-column elementor-col-33 elementor-top-column elementor-element elementor-element-45bb2f22\" data-id=\"45bb2f22\" data-element_type=\"column\" data-e-type=\"column\">\n\t\t\t<div class=\"elementor-widget-wrap\">\n\t\t\t\t\t\t\t<\/div>\n\t\t<\/div>\n\t\t\t\t<div class=\"elementor-column elementor-col-33 elementor-top-column elementor-element elementor-element-127176a6\" data-id=\"127176a6\" data-element_type=\"column\" data-e-type=\"column\">\n\t\t\t<div class=\"elementor-widget-wrap elementor-element-populated\">\n\t\t\t\t\t\t<div class=\"elementor-element elementor-element-63c5dcc elementor-widget elementor-widget-spacer\" data-id=\"63c5dcc\" data-element_type=\"widget\" data-e-type=\"widget\" data-widget_type=\"spacer.default\">\n\t\t\t\t<div class=\"elementor-widget-container\">\n\t\t\t\t\t\t\t<div class=\"elementor-spacer\">\n\t\t\t<div class=\"elementor-spacer-inner\"><\/div>\n\t\t<\/div>\n\t\t\t\t\t\t<\/div>\n\t\t\t\t<\/div>\n\t\t\t\t<div class=\"elementor-element elementor-element-3a8b4c21 elementor-widget elementor-widget-heading\" data-id=\"3a8b4c21\" data-element_type=\"widget\" data-e-type=\"widget\" data-widget_type=\"heading.default\">\n\t\t\t\t<div class=\"elementor-widget-container\">\n\t\t\t\t\t<h2 class=\"elementor-heading-title elementor-size-default\">AZT\u00c8QUE<\/h2>\t\t\t\t<\/div>\n\t\t\t\t<\/div>\n\t\t\t\t<div class=\"elementor-element elementor-element-ef4f77f elementor-widget elementor-widget-heading\" data-id=\"ef4f77f\" data-element_type=\"widget\" data-e-type=\"widget\" data-widget_type=\"heading.default\">\n\t\t\t\t<div class=\"elementor-widget-container\">\n\t\t\t\t\t<h5 class=\"elementor-heading-title elementor-size-default\">4,80 \u20ac <\/h5>\t\t\t\t<\/div>\n\t\t\t\t<\/div>\n\t\t\t\t<div class=\"elementor-element elementor-element-41c7c347 elementor-widget-divider--view-line elementor-widget elementor-widget-divider\" data-id=\"41c7c347\" data-element_type=\"widget\" data-e-type=\"widget\" data-widget_type=\"divider.default\">\n\t\t\t\t<div class=\"elementor-widget-container\">\n\t\t\t\t\t\t\t<div class=\"elementor-divider\">\n\t\t\t<span class=\"elementor-divider-separator\">\n\t\t\t\t\t\t<\/span>\n\t\t<\/div>\n\t\t\t\t\t\t<\/div>\n\t\t\t\t<\/div>\n\t\t\t\t<div class=\"elementor-element elementor-element-65fc7f63 elementor-widget elementor-widget-spacer\" data-id=\"65fc7f63\" data-element_type=\"widget\" data-e-type=\"widget\" data-widget_type=\"spacer.default\">\n\t\t\t\t<div class=\"elementor-widget-container\">\n\t\t\t\t\t\t\t<div class=\"elementor-spacer\">\n\t\t\t<div class=\"elementor-spacer-inner\"><\/div>\n\t\t<\/div>\n\t\t\t\t\t\t<\/div>\n\t\t\t\t<\/div>\n\t\t\t\t<div class=\"elementor-element elementor-element-6101a8d8 elementor-widget elementor-widget-text-editor\" data-id=\"6101a8d8\" data-element_type=\"widget\" data-e-type=\"widget\" data-widget_type=\"text-editor.default\">\n\t\t\t\t<div class=\"elementor-widget-container\">\n\t\t\t\t\t\t\t\t\t<p>Cr\u00e8me chocolat noir<\/p><p>Pralin\u00e9 noisette du Pi\u00e9mont<\/p><p>Croustillant<\/p><p>Biscuit moelleux chocolat<\/p><p><span style=\"font-style: inherit; font-weight: inherit; background-color: var(--ast-global-color-8); color: var(--ast-global-color-3);\">\u00a0<\/span><\/p><p><strong><em>ALLERG\u00c8NES :\u00a0 gluten, fruits \u00e0 coque, lait et \u0153uf.<\/em><\/strong><\/p>\t\t\t\t\t\t\t\t<\/div>\n\t\t\t\t<\/div>\n\t\t\t\t<div class=\"elementor-element elementor-element-3ed7e87b elementor-widget elementor-widget-spacer\" data-id=\"3ed7e87b\" data-element_type=\"widget\" data-e-type=\"widget\" data-widget_type=\"spacer.default\">\n\t\t\t\t<div class=\"elementor-widget-container\">\n\t\t\t\t\t\t\t<div class=\"elementor-spacer\">\n\t\t\t<div class=\"elementor-spacer-inner\"><\/div>\n\t\t<\/div>\n\t\t\t\t\t\t<\/div>\n\t\t\t\t<\/div>\n\t\t\t\t\t<\/div>\n\t\t<\/div>\n\t\t\t\t\t<\/div>\n\t\t<\/section>\n\t\t\t\t<section class=\"elementor-section elementor-top-section elementor-element elementor-element-9bff5d8 elementor-section-boxed elementor-section-height-default elementor-section-height-default\" data-id=\"9bff5d8\" data-element_type=\"section\" data-e-type=\"section\">\n\t\t\t\t\t\t<div class=\"elementor-container elementor-column-gap-default\">\n\t\t\t\t\t<div class=\"elementor-column elementor-col-100 elementor-top-column elementor-element elementor-element-b675095\" data-id=\"b675095\" data-element_type=\"column\" data-e-type=\"column\">\n\t\t\t<div class=\"elementor-widget-wrap elementor-element-populated\">\n\t\t\t\t\t\t<div class=\"elementor-element elementor-element-8e57c37 elementor-widget elementor-widget-spacer\" data-id=\"8e57c37\" data-element_type=\"widget\" data-e-type=\"widget\" data-widget_type=\"spacer.default\">\n\t\t\t\t<div class=\"elementor-widget-container\">\n\t\t\t\t\t\t\t<div class=\"elementor-spacer\">\n\t\t\t<div class=\"elementor-spacer-inner\"><\/div>\n\t\t<\/div>\n\t\t\t\t\t\t<\/div>\n\t\t\t\t<\/div>\n\t\t\t\t\t<\/div>\n\t\t<\/div>\n\t\t\t\t\t<\/div>\n\t\t<\/section>\n\t\t\t\t<section class=\"elementor-section elementor-top-section elementor-element elementor-element-86f7f6b elementor-section-boxed elementor-section-height-default elementor-section-height-default\" data-id=\"86f7f6b\" data-element_type=\"section\" data-e-type=\"section\" data-settings=\"{&quot;background_background&quot;:&quot;classic&quot;}\">\n\t\t\t\t\t\t<div class=\"elementor-container elementor-column-gap-default\">\n\t\t\t\t\t<div class=\"elementor-column elementor-col-100 elementor-top-column elementor-element elementor-element-760b7583\" data-id=\"760b7583\" data-element_type=\"column\" data-e-type=\"column\">\n\t\t\t<div class=\"elementor-widget-wrap elementor-element-populated\">\n\t\t\t\t\t\t<div class=\"elementor-element elementor-element-3a6251cd elementor-widget elementor-widget-heading\" data-id=\"3a6251cd\" data-element_type=\"widget\" data-e-type=\"widget\" data-widget_type=\"heading.default\">\n\t\t\t\t<div class=\"elementor-widget-container\">\n\t\t\t\t\t<h2 class=\"elementor-heading-title elementor-size-default\">Vous souhaitez commander ?<\/h2>\t\t\t\t<\/div>\n\t\t\t\t<\/div>\n\t\t\t\t<div class=\"elementor-element elementor-element-4a567827 elementor-widget elementor-widget-text-editor\" data-id=\"4a567827\" data-element_type=\"widget\" data-e-type=\"widget\" data-widget_type=\"text-editor.default\">\n\t\t\t\t<div class=\"elementor-widget-container\">\n\t\t\t\t\t\t\t\t\t<p><b>Il vous est possible de commander toutes nos cr\u00e9ations gourmandes !&nbsp;<\/b><\/p>\t\t\t\t\t\t\t\t<\/div>\n\t\t\t\t<\/div>\n\t\t\t\t<div class=\"elementor-element elementor-element-222dad60 elementor-align-center elementor-widget elementor-widget-button\" data-id=\"222dad60\" data-element_type=\"widget\" data-e-type=\"widget\" data-widget_type=\"button.default\">\n\t\t\t\t<div class=\"elementor-widget-container\">\n\t\t\t\t\t\t\t\t\t<div class=\"elementor-button-wrapper\">\n\t\t\t\t\t<a class=\"elementor-button elementor-button-link elementor-size-sm elementor-animation-grow\" href=\"tel:0477538729\">\n\t\t\t\t\t\t<span class=\"elementor-button-content-wrapper\">\n\t\t\t\t\t\t\t\t\t<span class=\"elementor-button-text\">Nous contacter<\/span>\n\t\t\t\t\t<\/span>\n\t\t\t\t\t<\/a>\n\t\t\t\t<\/div>\n\t\t\t\t\t\t\t\t<\/div>\n\t\t\t\t<\/div>\n\t\t\t\t\t<\/div>\n\t\t<\/div>\n\t\t\t\t\t<\/div>\n\t\t<\/section>\n\t\t\t\t<section class=\"elementor-section elementor-top-section elementor-element elementor-element-7d90fb5 elementor-section-boxed elementor-section-height-default elementor-section-height-default\" data-id=\"7d90fb5\" data-element_type=\"section\" data-e-type=\"section\">\n\t\t\t\t\t\t<div class=\"elementor-container elementor-column-gap-default\">\n\t\t\t\t\t<div class=\"elementor-column elementor-col-100 elementor-top-column elementor-element elementor-element-f2341da\" data-id=\"f2341da\" data-element_type=\"column\" data-e-type=\"column\">\n\t\t\t<div class=\"elementor-widget-wrap elementor-element-populated\">\n\t\t\t\t\t\t<div class=\"elementor-element elementor-element-f46bc30 elementor-widget elementor-widget-spacer\" data-id=\"f46bc30\" data-element_type=\"widget\" data-e-type=\"widget\" data-widget_type=\"spacer.default\">\n\t\t\t\t<div class=\"elementor-widget-container\">\n\t\t\t\t\t\t\t<div class=\"elementor-spacer\">\n\t\t\t<div class=\"elementor-spacer-inner\"><\/div>\n\t\t<\/div>\n\t\t\t\t\t\t<\/div>\n\t\t\t\t<\/div>\n\t\t\t\t\t<\/div>\n\t\t<\/div>\n\t\t\t\t\t<\/div>\n\t\t<\/section>\n\t\t\t\t<\/div>\n\t\t","protected":false},"excerpt":{"rendered":"<p>Nos individuels AZT\u00c8QUE 4,80 \u20ac Cr\u00e8me chocolat noir Pralin\u00e9 noisette du Pi\u00e9mont Croustillant Biscuit moelleux chocolat \u00a0 ALLERG\u00c8NES :\u00a0 gluten, fruits \u00e0 coque, lait et \u0153uf. Vous souhaitez commander ? Il vous est possible de commander toutes nos cr\u00e9ations gourmandes !&nbsp; Nous contacter<\/p>\n","protected":false},"author":1,"featured_media":0,"parent":1853,"menu_order":0,"comment_status":"closed","ping_status":"closed","template":"","meta":{"site-sidebar-layout":"no-sidebar","site-content-layout":"page-builder","ast-global-header-display":"","ast-banner-title-visibility":"","ast-main-header-display":"","ast-hfb-above-header-display":"","ast-hfb-below-header-display":"","ast-hfb-mobile-header-display":"","site-post-title":"disabled","ast-breadcrumbs-content":"","ast-featured-img":"disabled","footer-sml-layout":"","theme-transparent-header-meta":"","adv-header-id-meta":"","stick-header-meta":"","header-above-stick-meta":"","header-main-stick-meta":"","header-below-stick-meta":"","footnotes":""},"class_list":["post-1909","page","type-page","status-publish","hentry"],"_links":{"self":[{"href":"https:\/\/patisserie-clementine.fr\/index.php\/wp-json\/wp\/v2\/pages\/1909","targetHints":{"allow":["GET"]}}],"collection":[{"href":"https:\/\/patisserie-clementine.fr\/index.php\/wp-json\/wp\/v2\/pages"}],"about":[{"href":"https:\/\/patisserie-clementine.fr\/index.php\/wp-json\/wp\/v2\/types\/page"}],"author":[{"embeddable":true,"href":"https:\/\/patisserie-clementine.fr\/index.php\/wp-json\/wp\/v2\/users\/1"}],"replies":[{"embeddable":true,"href":"https:\/\/patisserie-clementine.fr\/index.php\/wp-json\/wp\/v2\/comments?post=1909"}],"version-history":[{"count":28,"href":"https:\/\/patisserie-clementine.fr\/index.php\/wp-json\/wp\/v2\/pages\/1909\/revisions"}],"predecessor-version":[{"id":4838,"href":"https:\/\/patisserie-clementine.fr\/index.php\/wp-json\/wp\/v2\/pages\/1909\/revisions\/4838"}],"up":[{"embeddable":true,"href":"https:\/\/patisserie-clementine.fr\/index.php\/wp-json\/wp\/v2\/pages\/1853"}],"wp:attachment":[{"href":"https:\/\/patisserie-clementine.fr\/index.php\/wp-json\/wp\/v2\/media?parent=1909"}],"curies":[{"name":"wp","href":"https:\/\/api.w.org\/{rel}","templated":true}]}}